{"id":700,"date":"2023-04-27T21:06:47","date_gmt":"2023-04-27T19:06:47","guid":{"rendered":"http:\/\/canoe-kayak-port-ste-foy.com\/?page_id=700"},"modified":"2025-06-14T12:55:12","modified_gmt":"2025-06-14T10:55:12","slug":"location","status":"publish","type":"page","link":"https:\/\/canoe-kayak-port-ste-foy.com\/index.php\/location\/","title":{"rendered":"LOCATION"},"content":{"rendered":"\t\t<div data-elementor-type=\"wp-page\" data-elementor-id=\"700\" class=\"elementor elementor-700\">\n\t\t\t\t\t\t<section class=\"elementor-section elementor-top-section elementor-element elementor-element-151fef6 elementor-section-boxed elementor-section-height-default elementor-section-height-default\" data-id=\"151fef6\" data-element_type=\"section\" data-e-type=\"section\">\n\t\t\t\t\t\t<div class=\"elementor-container elementor-column-gap-default\">\n\t\t\t\t\t<div class=\"elementor-column elementor-col-100 elementor-top-column elementor-element elementor-element-2d7704e\" data-id=\"2d7704e\" data-element_type=\"column\" data-e-type=\"column\">\n\t\t\t<div class=\"elementor-widget-wrap elementor-element-populated\">\n\t\t\t\t\t\t<div class=\"elementor-element elementor-element-c18cb15 elementor-widget elementor-widget-menu-anchor\" data-id=\"c18cb15\" data-element_type=\"widget\" data-e-type=\"widget\" data-widget_type=\"menu-anchor.default\">\n\t\t\t\t<div class=\"elementor-widget-container\">\n\t\t\t\t\t\t\t<div class=\"elementor-menu-anchor\" id=\"Location\"><\/div>\n\t\t\t\t\t\t<\/div>\n\t\t\t\t<\/div>\n\t\t\t\t\t<\/div>\n\t\t<\/div>\n\t\t\t\t\t<\/div>\n\t\t<\/section>\n\t\t\t\t<section class=\"elementor-section elementor-top-section elementor-element elementor-element-5a61bc8 elementor-section-boxed elementor-section-height-default elementor-section-height-default\" data-id=\"5a61bc8\" data-element_type=\"section\" data-e-type=\"section\">\n\t\t\t\t\t\t<div class=\"elementor-container elementor-column-gap-default\">\n\t\t\t\t\t<div class=\"elementor-column elementor-col-100 elementor-top-column elementor-element elementor-element-3a893d8\" data-id=\"3a893d8\" data-element_type=\"column\" data-e-type=\"column\">\n\t\t\t<div class=\"elementor-widget-wrap elementor-element-populated\">\n\t\t\t\t\t\t<div class=\"elementor-element elementor-element-0359f0b elementor-arrows-position-inside elementor-pagination-position-outside elementor-widget elementor-widget-image-carousel\" data-id=\"0359f0b\" data-element_type=\"widget\" data-e-type=\"widget\" data-settings=\"{&quot;navigation&quot;:&quot;both&quot;,&quot;autoplay&quot;:&quot;yes&quot;,&quot;pause_on_hover&quot;:&quot;yes&quot;,&quot;pause_on_interaction&quot;:&quot;yes&quot;,&quot;autoplay_speed&quot;:5000,&quot;infinite&quot;:&quot;yes&quot;,&quot;speed&quot;:500}\" data-widget_type=\"image-carousel.default\">\n\t\t\t\t<div class=\"elementor-widget-container\">\n\t\t\t\t\t\t\t<div class=\"elementor-image-carousel-wrapper swiper\" role=\"region\" aria-roledescription=\"carousel\" aria-label=\"Carrousel d\u2019images\" dir=\"ltr\">\n\t\t\t<div class=\"elementor-image-carousel swiper-wrapper\" aria-live=\"off\">\n\t\t\t\t\t\t\t\t<div class=\"swiper-slide\" role=\"group\" aria-roledescription=\"slide\" aria-label=\"1 sur 9\"><figure class=\"swiper-slide-inner\"><img decoding=\"async\" class=\"swiper-slide-image\" src=\"https:\/\/canoe-kayak-port-ste-foy.com\/wp-content\/uploads\/2023\/04\/paddle-groupe-600x600.jpg\" alt=\"paddle groupe\" \/><\/figure><\/div><div class=\"swiper-slide\" role=\"group\" aria-roledescription=\"slide\" aria-label=\"2 sur 9\"><figure class=\"swiper-slide-inner\"><img decoding=\"async\" class=\"swiper-slide-image\" src=\"https:\/\/canoe-kayak-port-ste-foy.com\/wp-content\/uploads\/2023\/04\/PADDLE-3-FORMATS-600x600.jpg\" alt=\"PADDLE 3 FORMATS\" \/><\/figure><\/div><div class=\"swiper-slide\" role=\"group\" aria-roledescription=\"slide\" aria-label=\"3 sur 9\"><figure class=\"swiper-slide-inner\"><img decoding=\"async\" class=\"swiper-slide-image\" src=\"https:\/\/canoe-kayak-port-ste-foy.com\/wp-content\/uploads\/2023\/04\/canoe-location-600x600.jpg\" alt=\"canoe location\" \/><\/figure><\/div><div class=\"swiper-slide\" role=\"group\" aria-roledescription=\"slide\" aria-label=\"4 sur 9\"><figure class=\"swiper-slide-inner\"><img decoding=\"async\" class=\"swiper-slide-image\" src=\"https:\/\/canoe-kayak-port-ste-foy.com\/wp-content\/uploads\/2023\/04\/speetch-600x600.jpg\" alt=\"speetch\" \/><\/figure><\/div><div class=\"swiper-slide\" role=\"group\" aria-roledescription=\"slide\" aria-label=\"5 sur 9\"><figure class=\"swiper-slide-inner\"><img decoding=\"async\" class=\"swiper-slide-image\" src=\"https:\/\/canoe-kayak-port-ste-foy.com\/wp-content\/uploads\/2023\/04\/mega-paddle-600x600.jpg\" alt=\"mega paddle\" \/><\/figure><\/div><div class=\"swiper-slide\" role=\"group\" aria-roledescription=\"slide\" aria-label=\"6 sur 9\"><figure class=\"swiper-slide-inner\"><img decoding=\"async\" class=\"swiper-slide-image\" src=\"https:\/\/canoe-kayak-port-ste-foy.com\/wp-content\/uploads\/2023\/04\/remorque-paddle-600x600.jpg\" alt=\"remorque paddle\" \/><\/figure><\/div><div class=\"swiper-slide\" role=\"group\" aria-roledescription=\"slide\" aria-label=\"7 sur 9\"><figure class=\"swiper-slide-inner\"><img decoding=\"async\" class=\"swiper-slide-image\" src=\"https:\/\/canoe-kayak-port-ste-foy.com\/wp-content\/uploads\/2023\/04\/espace-bar-2-600x600.jpg\" alt=\"espace bar 2\" \/><\/figure><\/div><div class=\"swiper-slide\" role=\"group\" aria-roledescription=\"slide\" aria-label=\"8 sur 9\"><figure class=\"swiper-slide-inner\"><img decoding=\"async\" class=\"swiper-slide-image\" src=\"https:\/\/canoe-kayak-port-ste-foy.com\/wp-content\/uploads\/2023\/04\/espace-bar-600x600.jpg\" alt=\"espace bar\" \/><\/figure><\/div><div class=\"swiper-slide\" role=\"group\" aria-roledescription=\"slide\" aria-label=\"9 sur 9\"><figure class=\"swiper-slide-inner\"><img decoding=\"async\" class=\"swiper-slide-image\" src=\"https:\/\/canoe-kayak-port-ste-foy.com\/wp-content\/uploads\/2023\/04\/PARC-3-600x600.jpg\" alt=\"PARC 3\" \/><\/figure><\/div>\t\t\t<\/div>\n\t\t\t\t\t\t\t\t\t\t\t\t<div class=\"elementor-swiper-button elementor-swiper-button-prev\" role=\"button\" tabindex=\"0\">\n\t\t\t\t\t\t<i aria-hidden=\"true\" class=\"eicon-chevron-left\"><\/i>\t\t\t\t\t<\/div>\n\t\t\t\t\t<div class=\"elementor-swiper-button elementor-swiper-button-next\" role=\"button\" tabindex=\"0\">\n\t\t\t\t\t\t<i aria-hidden=\"true\" class=\"eicon-chevron-right\"><\/i>\t\t\t\t\t<\/div>\n\t\t\t\t\n\t\t\t\t\t\t\t\t\t<div class=\"swiper-pagination\"><\/div>\n\t\t\t\t\t\t\t\t\t<\/div>\n\t\t\t\t\t\t<\/div>\n\t\t\t\t<\/div>\n\t\t\t\t\t<\/div>\n\t\t<\/div>\n\t\t\t\t\t<\/div>\n\t\t<\/section>\n\t\t\t\t<section class=\"elementor-section elementor-top-section elementor-element elementor-element-04bf59c elementor-section-boxed elementor-section-height-default elementor-section-height-default\" data-id=\"04bf59c\" data-element_type=\"section\" data-e-type=\"section\">\n\t\t\t\t\t\t<div class=\"elementor-container elementor-column-gap-default\">\n\t\t\t\t\t<div class=\"elementor-column elementor-col-100 elementor-top-column elementor-element elementor-element-831fe8c\" data-id=\"831fe8c\" data-element_type=\"column\" data-e-type=\"column\">\n\t\t\t<div class=\"elementor-widget-wrap elementor-element-populated\">\n\t\t\t\t\t\t<div class=\"elementor-element elementor-element-ce60327 elementor-widget elementor-widget-text-editor\" data-id=\"ce60327\" data-element_type=\"widget\" data-e-type=\"widget\" data-widget_type=\"text-editor.default\">\n\t\t\t\t<div class=\"elementor-widget-container\">\n\t\t\t\t\t\t\t\t\t<p>Bienvenue dans un magnifique cadre naturel, arbor\u00e9, directement situ\u00e9 au bord de la rivi\u00e8re. La base cano\u00eb-kayak de Port Ste Foy met \u00e0 disposition un parking, une aire de pique-nique ombrag\u00e9e, ainsi qu&rsquo;un point d&rsquo;eau estival (WC, douche et eau potable).<\/p>\t\t\t\t\t\t\t\t<\/div>\n\t\t\t\t<\/div>\n\t\t\t\t\t<\/div>\n\t\t<\/div>\n\t\t\t\t\t<\/div>\n\t\t<\/section>\n\t\t\t\t<section class=\"elementor-section elementor-top-section elementor-element elementor-element-93087d7 elementor-section-boxed elementor-section-height-default elementor-section-height-default\" data-id=\"93087d7\" data-element_type=\"section\" data-e-type=\"section\">\n\t\t\t\t\t\t<div class=\"elementor-container elementor-column-gap-default\">\n\t\t\t\t\t<div class=\"elementor-column elementor-col-50 elementor-top-column elementor-element elementor-element-15026bd\" data-id=\"15026bd\" data-element_type=\"column\" data-e-type=\"column\">\n\t\t\t<div class=\"elementor-widget-wrap elementor-element-populated\">\n\t\t\t\t\t\t<div class=\"elementor-element elementor-element-a0d4ff4 elementor-position-top elementor-widget elementor-widget-image-box\" data-id=\"a0d4ff4\" data-element_type=\"widget\" data-e-type=\"widget\" data-widget_type=\"image-box.default\">\n\t\t\t\t<div class=\"elementor-widget-container\">\n\t\t\t\t\t<div class=\"elementor-image-box-wrapper\"><figure class=\"elementor-image-box-img\"><img fetchpriority=\"high\" decoding=\"async\" width=\"1300\" height=\"878\" src=\"https:\/\/canoe-kayak-port-ste-foy.com\/wp-content\/uploads\/2023\/04\/icone-kayak-2.png\" class=\"attachment-full size-full wp-image-724\" alt=\"\" srcset=\"https:\/\/canoe-kayak-port-ste-foy.com\/wp-content\/uploads\/2023\/04\/icone-kayak-2.png 1300w, https:\/\/canoe-kayak-port-ste-foy.com\/wp-content\/uploads\/2023\/04\/icone-kayak-2-300x203.png 300w, https:\/\/canoe-kayak-port-ste-foy.com\/wp-content\/uploads\/2023\/04\/icone-kayak-2-1024x692.png 1024w, https:\/\/canoe-kayak-port-ste-foy.com\/wp-content\/uploads\/2023\/04\/icone-kayak-2-768x519.png 768w\" sizes=\"(max-width: 1300px) 100vw, 1300px\" \/><\/figure><div class=\"elementor-image-box-content\"><h3 class=\"elementor-image-box-title\">Cano\u00eb-Kayak<\/h3><p class=\"elementor-image-box-description\">Location de kayak monoplace et cano\u00eb\/kayak 2\/3 personnes<\/p><\/div><\/div>\t\t\t\t<\/div>\n\t\t\t\t<\/div>\n\t\t\t\t\t<\/div>\n\t\t<\/div>\n\t\t\t\t<div class=\"elementor-column elementor-col-50 elementor-top-column elementor-element elementor-element-36ec8e9\" data-id=\"36ec8e9\" data-element_type=\"column\" data-e-type=\"column\">\n\t\t\t<div class=\"elementor-widget-wrap elementor-element-populated\">\n\t\t\t\t\t\t<div class=\"elementor-element elementor-element-ed7471c elementor-position-top elementor-widget elementor-widget-image-box\" data-id=\"ed7471c\" data-element_type=\"widget\" data-e-type=\"widget\" data-widget_type=\"image-box.default\">\n\t\t\t\t<div class=\"elementor-widget-container\">\n\t\t\t\t\t<div class=\"elementor-image-box-wrapper\"><figure class=\"elementor-image-box-img\"><img decoding=\"async\" width=\"1242\" height=\"1013\" src=\"https:\/\/canoe-kayak-port-ste-foy.com\/wp-content\/uploads\/2023\/04\/paddle-logo.png\" class=\"attachment-full size-full wp-image-725\" alt=\"\" srcset=\"https:\/\/canoe-kayak-port-ste-foy.com\/wp-content\/uploads\/2023\/04\/paddle-logo.png 1242w, https:\/\/canoe-kayak-port-ste-foy.com\/wp-content\/uploads\/2023\/04\/paddle-logo-300x245.png 300w, https:\/\/canoe-kayak-port-ste-foy.com\/wp-content\/uploads\/2023\/04\/paddle-logo-1024x835.png 1024w, https:\/\/canoe-kayak-port-ste-foy.com\/wp-content\/uploads\/2023\/04\/paddle-logo-768x626.png 768w\" sizes=\"(max-width: 1242px) 100vw, 1242px\" \/><\/figure><div class=\"elementor-image-box-content\"><h3 class=\"elementor-image-box-title\">Stand Up Paddle<\/h3><p class=\"elementor-image-box-description\">Location de paddle mono, duo ou m\u00e9ga (8 personnes).<\/p><\/div><\/div>\t\t\t\t<\/div>\n\t\t\t\t<\/div>\n\t\t\t\t\t<\/div>\n\t\t<\/div>\n\t\t\t\t\t<\/div>\n\t\t<\/section>\n\t\t\t\t<section class=\"elementor-section elementor-top-section elementor-element elementor-element-f34df44 elementor-section-boxed elementor-section-height-default elementor-section-height-default\" data-id=\"f34df44\" data-element_type=\"section\" data-e-type=\"section\">\n\t\t\t\t\t\t<div class=\"elementor-container elementor-column-gap-default\">\n\t\t\t\t\t<div class=\"elementor-column elementor-col-100 elementor-top-column elementor-element elementor-element-cfe465f\" data-id=\"cfe465f\" data-element_type=\"column\" data-e-type=\"column\">\n\t\t\t<div class=\"elementor-widget-wrap elementor-element-populated\">\n\t\t\t\t\t\t<div class=\"elementor-element elementor-element-949ed3a elementor-widget elementor-widget-image\" data-id=\"949ed3a\" data-element_type=\"widget\" data-e-type=\"widget\" data-widget_type=\"image.default\">\n\t\t\t\t<div class=\"elementor-widget-container\">\n\t\t\t\t\t\t\t\t\t\t\t\t\t\t\t<img decoding=\"async\" width=\"1536\" height=\"1016\" src=\"https:\/\/canoe-kayak-port-ste-foy.com\/wp-content\/uploads\/2025\/06\/Tarifs-et-secu--1536x1016.jpg\" class=\"attachment-1536x1536 size-1536x1536 wp-image-1066\" alt=\"\" srcset=\"https:\/\/canoe-kayak-port-ste-foy.com\/wp-content\/uploads\/2025\/06\/Tarifs-et-secu--1536x1016.jpg 1536w, https:\/\/canoe-kayak-port-ste-foy.com\/wp-content\/uploads\/2025\/06\/Tarifs-et-secu--300x198.jpg 300w, https:\/\/canoe-kayak-port-ste-foy.com\/wp-content\/uploads\/2025\/06\/Tarifs-et-secu--1024x677.jpg 1024w, https:\/\/canoe-kayak-port-ste-foy.com\/wp-content\/uploads\/2025\/06\/Tarifs-et-secu--768x508.jpg 768w, https:\/\/canoe-kayak-port-ste-foy.com\/wp-content\/uploads\/2025\/06\/Tarifs-et-secu-.jpg 2002w\" sizes=\"(max-width: 1536px) 100vw, 1536px\" \/>\t\t\t\t\t\t\t\t\t\t\t\t\t\t\t<\/div>\n\t\t\t\t<\/div>\n\t\t\t\t<div class=\"elementor-element elementor-element-69eb1ac elementor-widget elementor-widget-image\" data-id=\"69eb1ac\" data-element_type=\"widget\" data-e-type=\"widget\" data-widget_type=\"image.default\">\n\t\t\t\t<div class=\"elementor-widget-container\">\n\t\t\t\t\t\t\t\t\t\t\t\t\t\t\t<img loading=\"lazy\" decoding=\"async\" width=\"1536\" height=\"539\" src=\"https:\/\/canoe-kayak-port-ste-foy.com\/wp-content\/uploads\/2025\/06\/Parcours-1536x539.jpg\" class=\"attachment-1536x1536 size-1536x1536 wp-image-1070\" alt=\"\" srcset=\"https:\/\/canoe-kayak-port-ste-foy.com\/wp-content\/uploads\/2025\/06\/Parcours-1536x539.jpg 1536w, https:\/\/canoe-kayak-port-ste-foy.com\/wp-content\/uploads\/2025\/06\/Parcours-300x105.jpg 300w, https:\/\/canoe-kayak-port-ste-foy.com\/wp-content\/uploads\/2025\/06\/Parcours-1024x359.jpg 1024w, https:\/\/canoe-kayak-port-ste-foy.com\/wp-content\/uploads\/2025\/06\/Parcours-768x269.jpg 768w, https:\/\/canoe-kayak-port-ste-foy.com\/wp-content\/uploads\/2025\/06\/Parcours-2048x718.jpg 2048w\" sizes=\"(max-width: 1536px) 100vw, 1536px\" \/>\t\t\t\t\t\t\t\t\t\t\t\t\t\t\t<\/div>\n\t\t\t\t<\/div>\n\t\t\t\t\t<\/div>\n\t\t<\/div>\n\t\t\t\t\t<\/div>\n\t\t<\/section>\n\t\t\t\t<section class=\"elementor-section elementor-top-section elementor-element elementor-element-f26289e elementor-section-boxed elementor-section-height-default elementor-section-height-default\" data-id=\"f26289e\" data-element_type=\"section\" data-e-type=\"section\">\n\t\t\t\t\t\t<div class=\"elementor-container elementor-column-gap-default\">\n\t\t\t\t\t<div class=\"elementor-column elementor-col-100 elementor-top-column elementor-element elementor-element-18cc9d8\" data-id=\"18cc9d8\" data-element_type=\"column\" data-e-type=\"column\">\n\t\t\t<div class=\"elementor-widget-wrap\">\n\t\t\t\t\t\t\t<\/div>\n\t\t<\/div>\n\t\t\t\t\t<\/div>\n\t\t<\/section>\n\t\t\t\t<\/div>\n\t\t","protected":false},"excerpt":{"rendered":"<p>Bienvenue dans un magnifique cadre naturel, arbor\u00e9, directement situ\u00e9 au bord de la rivi\u00e8re. La base cano\u00eb-kayak de Port Ste Foy met \u00e0 disposition un parking, une aire de pique-nique ombrag\u00e9e, ainsi qu&rsquo;un point d&rsquo;eau estival (WC, douche et eau potable). Cano\u00eb-Kayak Location de kayak monoplace et cano\u00eb\/kayak 2\/3 personnes Stand Up Paddle Location de [&hellip;]<\/p>\n","protected":false},"author":1,"featured_media":0,"parent":0,"menu_order":0,"comment_status":"closed","ping_status":"closed","template":"","meta":{"ocean_post_layout":"","ocean_both_sidebars_style":"","ocean_both_sidebars_content_width":0,"ocean_both_sidebars_sidebars_width":0,"ocean_sidebar":"","ocean_second_sidebar":"","ocean_disable_margins":"enable","ocean_add_body_class":"","ocean_shortcode_before_top_bar":"","ocean_shortcode_after_top_bar":"","ocean_shortcode_before_header":"","ocean_shortcode_after_header":"","ocean_has_shortcode":"","ocean_shortcode_after_title":"","ocean_shortcode_before_footer_widgets":"","ocean_shortcode_after_footer_widgets":"","ocean_shortcode_before_footer_bottom":"","ocean_shortcode_after_footer_bottom":"","ocean_display_top_bar":"default","ocean_display_header":"default","ocean_header_style":"","ocean_center_header_left_menu":"","ocean_custom_header_template":"","ocean_custom_logo":0,"ocean_custom_retina_logo":0,"ocean_custom_logo_max_width":0,"ocean_custom_logo_tablet_max_width":0,"ocean_custom_logo_mobile_max_width":0,"ocean_custom_logo_max_height":0,"ocean_custom_logo_tablet_max_height":0,"ocean_custom_logo_mobile_max_height":0,"ocean_header_custom_menu":"","ocean_menu_typo_font_family":"","ocean_menu_typo_font_subset":"","ocean_menu_typo_font_size":0,"ocean_menu_typo_font_size_tablet":0,"ocean_menu_typo_font_size_mobile":0,"ocean_menu_typo_font_size_unit":"px","ocean_menu_typo_font_weight":"","ocean_menu_typo_font_weight_tablet":"","ocean_menu_typo_font_weight_mobile":"","ocean_menu_typo_transform":"","ocean_menu_typo_transform_tablet":"","ocean_menu_typo_transform_mobile":"","ocean_menu_typo_line_height":0,"ocean_menu_typo_line_height_tablet":0,"ocean_menu_typo_line_height_mobile":0,"ocean_menu_typo_line_height_unit":"","ocean_menu_typo_spacing":0,"ocean_menu_typo_spacing_tablet":0,"ocean_menu_typo_spacing_mobile":0,"ocean_menu_typo_spacing_unit":"","ocean_menu_link_color":"","ocean_menu_link_color_hover":"","ocean_menu_link_color_active":"","ocean_menu_link_background":"","ocean_menu_link_hover_background":"","ocean_menu_link_active_background":"","ocean_menu_social_links_bg":"","ocean_menu_social_hover_links_bg":"","ocean_menu_social_links_color":"","ocean_menu_social_hover_links_color":"","ocean_disable_title":"default","ocean_disable_heading":"default","ocean_post_title":"","ocean_post_subheading":"","ocean_post_title_style":"","ocean_post_title_background_color":"","ocean_post_title_background":0,"ocean_post_title_bg_image_position":"","ocean_post_title_bg_image_attachment":"","ocean_post_title_bg_image_repeat":"","ocean_post_title_bg_image_size":"","ocean_post_title_height":0,"ocean_post_title_bg_overlay":0.5,"ocean_post_title_bg_overlay_color":"","ocean_disable_breadcrumbs":"default","ocean_breadcrumbs_color":"","ocean_breadcrumbs_separator_color":"","ocean_breadcrumbs_links_color":"","ocean_breadcrumbs_links_hover_color":"","ocean_display_footer_widgets":"default","ocean_display_footer_bottom":"default","ocean_custom_footer_template":"","footnotes":""},"class_list":["post-700","page","type-page","status-publish","hentry","entry"],"_links":{"self":[{"href":"https:\/\/canoe-kayak-port-ste-foy.com\/index.php\/wp-json\/wp\/v2\/pages\/700","targetHints":{"allow":["GET"]}}],"collection":[{"href":"https:\/\/canoe-kayak-port-ste-foy.com\/index.php\/wp-json\/wp\/v2\/pages"}],"about":[{"href":"https:\/\/canoe-kayak-port-ste-foy.com\/index.php\/wp-json\/wp\/v2\/types\/page"}],"author":[{"embeddable":true,"href":"https:\/\/canoe-kayak-port-ste-foy.com\/index.php\/wp-json\/wp\/v2\/users\/1"}],"replies":[{"embeddable":true,"href":"https:\/\/canoe-kayak-port-ste-foy.com\/index.php\/wp-json\/wp\/v2\/comments?post=700"}],"version-history":[{"count":85,"href":"https:\/\/canoe-kayak-port-ste-foy.com\/index.php\/wp-json\/wp\/v2\/pages\/700\/revisions"}],"predecessor-version":[{"id":1073,"href":"https:\/\/canoe-kayak-port-ste-foy.com\/index.php\/wp-json\/wp\/v2\/pages\/700\/revisions\/1073"}],"wp:attachment":[{"href":"https:\/\/canoe-kayak-port-ste-foy.com\/index.php\/wp-json\/wp\/v2\/media?parent=700"}],"curies":[{"name":"wp","href":"https:\/\/api.w.org\/{rel}","templated":true}]}}